{"id":18,"date":"2022-05-10T07:23:55","date_gmt":"2022-05-10T05:23:55","guid":{"rendered":"http:\/\/emiliejavourez-psychologue.com\/?page_id=18"},"modified":"2025-03-14T08:23:05","modified_gmt":"2025-03-14T07:23:05","slug":"le-nouveau-e-mucem-ouvre-ses-portes-2","status":"publish","type":"page","link":"https:\/\/emiliejavourez-psychologue.com\/","title":{"rendered":"Emilie Javourez Psychologue"},"content":{"rendered":"\n<div class=\"wp-block-group alignfull has-background\" style=\"border-style:none;border-width:0px;background-color:#f2efe4ab\"><div class=\"wp-block-group__inner-container is-layout-flow wp-block-group-is-layout-flow\"><p class=\"fonts-plugin-block \" style=\"font-family: quimby-gubernatorial;font-weight: 400;font-size: 25px;text-align: center;color: #6f8774\"><strong> <br>\u00ab\u00a0Le plus grand voyageur est celui qui a su faire le tour de lui-m\u00eame\u00a0\u00bb Confucius.<\/strong><\/p><\/div><\/div>\n\n\n\n<div class=\"wp-block-group alignfull has-background\" style=\"background-color:#ebe5d17d\"><div class=\"wp-block-group__inner-container is-layout-flow wp-block-group-is-layout-flow\">\n<p class=\"has-text-align-center has-normal-font-size\">Parce qu\u2019il n\u2019est pas toujours ais\u00e9 de faire la d\u00e9marche aupr\u00e8s d\u2019un psychologue, sachez qu\u2019\u00e0 tous les \u00e2ges de la vie nous traversons des p\u00e9riodes de souffrance, de questionnement, des temps de transformations, de qu\u00eate qui m\u00e9ritent d\u2019\u00eatre soutenus et accompagn\u00e9s avec humilit\u00e9, \u00e9coute et bienveillance.<\/p>\n\n\n<p class=\"fonts-plugin-block \" style=\"font-family: quimby-gubernatorial;font-weight: normal;text-align: center\">Il est toujours l\u00e9gitime de vouloir entamer un suivi aupr\u00e8s d\u2019un professionnel.<\/p>\n\n\n<p class=\"has-text-align-center has-normal-font-size\">Je m\u2019encorde avec vous pour l\u2019ascension de vos r\u00e9cits.<\/p>\n<\/div><\/div>\n\n\n\n<div class=\"wp-block-columns alignwide is-layout-flex wp-container-core-columns-is-layout-9d6595d7 wp-block-columns-is-layout-flex\">\n<div class=\"wp-block-column is-layout-flow wp-block-column-is-layout-flow\">\n<div class=\"wp-block-group\"><div class=\"wp-block-group__inner-container is-layout-flow wp-block-group-is-layout-flow\">\n<figure class=\"wp-block-image alignfull size-large\"><img loading=\"lazy\" decoding=\"async\" width=\"2560\" height=\"1920\" src=\"http:\/\/emiliejavourez-psychologue.com\/wp-content\/uploads\/2022\/05\/umit-bulut-qbTC7ZwJB64-unsplash-edited-scaled.jpg\" alt=\"\" class=\"wp-image-60\" srcset=\"https:\/\/emiliejavourez-psychologue.com\/wp-content\/uploads\/2022\/05\/umit-bulut-qbTC7ZwJB64-unsplash-edited-scaled.jpg 2560w, https:\/\/emiliejavourez-psychologue.com\/wp-content\/uploads\/2022\/05\/umit-bulut-qbTC7ZwJB64-unsplash-edited-300x225.jpg 300w, https:\/\/emiliejavourez-psychologue.com\/wp-content\/uploads\/2022\/05\/umit-bulut-qbTC7ZwJB64-unsplash-edited-1024x768.jpg 1024w, https:\/\/emiliejavourez-psychologue.com\/wp-content\/uploads\/2022\/05\/umit-bulut-qbTC7ZwJB64-unsplash-edited-768x576.jpg 768w, https:\/\/emiliejavourez-psychologue.com\/wp-content\/uploads\/2022\/05\/umit-bulut-qbTC7ZwJB64-unsplash-edited-1536x1152.jpg 1536w, https:\/\/emiliejavourez-psychologue.com\/wp-content\/uploads\/2022\/05\/umit-bulut-qbTC7ZwJB64-unsplash-edited-2048x1536.jpg 2048w, https:\/\/emiliejavourez-psychologue.com\/wp-content\/uploads\/2022\/05\/umit-bulut-qbTC7ZwJB64-unsplash-edited-1200x900.jpg 1200w, https:\/\/emiliejavourez-psychologue.com\/wp-content\/uploads\/2022\/05\/umit-bulut-qbTC7ZwJB64-unsplash-edited-1980x1485.jpg 1980w\" sizes=\"auto, (max-width: 2560px) 100vw, 2560px\" \/><\/figure>\n\n\n\n<h3 class=\"wp-block-heading has-text-align-center\">Accompagnement adulte<\/h3>\n\n\n\n<p class=\"has-text-align-center\">Th\u00e9rapie ICV<\/p>\n\n\n\n<div class=\"wp-block-button is-style-fill aligncenter\"><a class=\"wp-block-button__link wp-element-button\" href=\"http:\/\/emiliejavourez-psychologue.com\/index.php\/le-nouveau-e-mucem-ouvre-ses-portes-2\/accompagnement-adultes\/\">Lire la suite<\/a><\/div>\n<\/div><\/div>\n<\/div>\n\n\n\n<div class=\"wp-block-column is-layout-flow wp-block-column-is-layout-flow\">\n<div class=\"wp-block-group\"><div class=\"wp-block-group__inner-container is-layout-flow wp-block-group-is-layout-flow\">\n<figure class=\"wp-block-image alignfull size-large\"><img loading=\"lazy\" decoding=\"async\" width=\"2560\" height=\"1921\" src=\"http:\/\/emiliejavourez-psychologue.com\/wp-content\/uploads\/2022\/05\/danie-franco-CeZypKDceQc-unsplash-edited-1-scaled.jpg\" alt=\"\" class=\"wp-image-58\" srcset=\"https:\/\/emiliejavourez-psychologue.com\/wp-content\/uploads\/2022\/05\/danie-franco-CeZypKDceQc-unsplash-edited-1-scaled.jpg 2560w, https:\/\/emiliejavourez-psychologue.com\/wp-content\/uploads\/2022\/05\/danie-franco-CeZypKDceQc-unsplash-edited-1-300x225.jpg 300w, https:\/\/emiliejavourez-psychologue.com\/wp-content\/uploads\/2022\/05\/danie-franco-CeZypKDceQc-unsplash-edited-1-1024x768.jpg 1024w, https:\/\/emiliejavourez-psychologue.com\/wp-content\/uploads\/2022\/05\/danie-franco-CeZypKDceQc-unsplash-edited-1-768x576.jpg 768w, https:\/\/emiliejavourez-psychologue.com\/wp-content\/uploads\/2022\/05\/danie-franco-CeZypKDceQc-unsplash-edited-1-1536x1152.jpg 1536w, https:\/\/emiliejavourez-psychologue.com\/wp-content\/uploads\/2022\/05\/danie-franco-CeZypKDceQc-unsplash-edited-1-2048x1537.jpg 2048w, https:\/\/emiliejavourez-psychologue.com\/wp-content\/uploads\/2022\/05\/danie-franco-CeZypKDceQc-unsplash-edited-1-1200x900.jpg 1200w, https:\/\/emiliejavourez-psychologue.com\/wp-content\/uploads\/2022\/05\/danie-franco-CeZypKDceQc-unsplash-edited-1-1980x1485.jpg 1980w\" sizes=\"auto, (max-width: 2560px) 100vw, 2560px\" \/><\/figure>\n\n\n\n<h3 class=\"wp-block-heading has-text-align-center\">G\u00e9riatrie<\/h3>\n\n\n\n<p class=\"has-text-align-center\">L&#8217;\u00e2me en jeu<\/p>\n\n\n\n<div class=\"wp-block-button is-style-fill aligncenter\"><a class=\"wp-block-button__link wp-element-button\" href=\"http:\/\/emiliejavourez-psychologue.com\/index.php\/le-nouveau-e-mucem-ouvre-ses-portes-2\/geriatrie\/\">Lire la suite<\/a><\/div>\n<\/div><\/div>\n<\/div>\n<\/div>\n\n\n\n<figure class=\"wp-block-gallery aligncenter has-nested-images columns-default is-cropped wp-block-gallery-1 is-layout-flex wp-block-gallery-is-layout-flex\"><div class=\"wp-block-image\">\n<figure class=\"aligncenter size-medium\"><img loading=\"lazy\" decoding=\"async\" width=\"300\" height=\"300\" data-id=\"204\" src=\"http:\/\/emiliejavourez-psychologue.com\/wp-content\/uploads\/2022\/05\/logo-carte-de-visite_Plan-de-travail-1-300x300.png\" alt=\"\" class=\"wp-image-204\" srcset=\"https:\/\/emiliejavourez-psychologue.com\/wp-content\/uploads\/2022\/05\/logo-carte-de-visite_Plan-de-travail-1-300x300.png 300w, https:\/\/emiliejavourez-psychologue.com\/wp-content\/uploads\/2022\/05\/logo-carte-de-visite_Plan-de-travail-1-1024x1024.png 1024w, https:\/\/emiliejavourez-psychologue.com\/wp-content\/uploads\/2022\/05\/logo-carte-de-visite_Plan-de-travail-1-150x150.png 150w, https:\/\/emiliejavourez-psychologue.com\/wp-content\/uploads\/2022\/05\/logo-carte-de-visite_Plan-de-travail-1-768x768.png 768w, https:\/\/emiliejavourez-psychologue.com\/wp-content\/uploads\/2022\/05\/logo-carte-de-visite_Plan-de-travail-1-1536x1536.png 1536w, https:\/\/emiliejavourez-psychologue.com\/wp-content\/uploads\/2022\/05\/logo-carte-de-visite_Plan-de-travail-1-2048x2048.png 2048w, https:\/\/emiliejavourez-psychologue.com\/wp-content\/uploads\/2022\/05\/logo-carte-de-visite_Plan-de-travail-1-1200x1200.png 1200w, https:\/\/emiliejavourez-psychologue.com\/wp-content\/uploads\/2022\/05\/logo-carte-de-visite_Plan-de-travail-1-1980x1980.png 1980w\" sizes=\"auto, (max-width: 300px) 100vw, 300px\" \/><\/figure>\n<\/div><\/figure>\n\n\n\n<div class=\"wp-block-group alignwide\"><div class=\"wp-block-group__inner-container is-layout-flow wp-block-group-is-layout-flow\"><\/div><\/div>\n\n\n\n<p><\/p>\n","protected":false},"excerpt":{"rendered":"<p>Parce qu\u2019il n\u2019est pas toujours ais\u00e9 de faire la d\u00e9marche aupr\u00e8s d\u2019un psychologue, sachez qu\u2019\u00e0 tous les \u00e2ges de la vie nous traversons des p\u00e9riodes de souffrance, de questionnement, des temps de transformations, de qu\u00eate qui m\u00e9ritent d\u2019\u00eatre soutenus et accompagn\u00e9s avec humilit\u00e9, \u00e9coute et bienveillance. Je m\u2019encorde avec vous pour l\u2019ascension de vos r\u00e9cits.&hellip;<\/p>\n","protected":false},"author":1,"featured_media":170,"parent":0,"menu_order":1,"comment_status":"closed","ping_status":"closed","template":"templates\/template-cover.php","meta":{"footnotes":""},"class_list":["post-18","page","type-page","status-publish","has-post-thumbnail","hentry"],"_links":{"self":[{"href":"https:\/\/emiliejavourez-psychologue.com\/index.php\/wp-json\/wp\/v2\/pages\/18","targetHints":{"allow":["GET"]}}],"collection":[{"href":"https:\/\/emiliejavourez-psychologue.com\/index.php\/wp-json\/wp\/v2\/pages"}],"about":[{"href":"https:\/\/emiliejavourez-psychologue.com\/index.php\/wp-json\/wp\/v2\/types\/page"}],"author":[{"embeddable":true,"href":"https:\/\/emiliejavourez-psychologue.com\/index.php\/wp-json\/wp\/v2\/users\/1"}],"replies":[{"embeddable":true,"href":"https:\/\/emiliejavourez-psychologue.com\/index.php\/wp-json\/wp\/v2\/comments?post=18"}],"version-history":[{"count":41,"href":"https:\/\/emiliejavourez-psychologue.com\/index.php\/wp-json\/wp\/v2\/pages\/18\/revisions"}],"predecessor-version":[{"id":282,"href":"https:\/\/emiliejavourez-psychologue.com\/index.php\/wp-json\/wp\/v2\/pages\/18\/revisions\/282"}],"wp:featuredmedia":[{"embeddable":true,"href":"https:\/\/emiliejavourez-psychologue.com\/index.php\/wp-json\/wp\/v2\/media\/170"}],"wp:attachment":[{"href":"https:\/\/emiliejavourez-psychologue.com\/index.php\/wp-json\/wp\/v2\/media?parent=18"}],"curies":[{"name":"wp","href":"https:\/\/api.w.org\/{rel}","templated":true}]}}