{"id":19,"date":"2022-05-10T07:23:55","date_gmt":"2022-05-10T05:23:55","guid":{"rendered":"http:\/\/emiliejavourez-psychologue.com\/?page_id=19"},"modified":"2025-03-14T08:20:02","modified_gmt":"2025-03-14T07:20:02","slug":"a-propos-de","status":"publish","type":"page","link":"https:\/\/emiliejavourez-psychologue.com\/index.php\/a-propos-de\/","title":{"rendered":"\u00c0 propos de moi, Qui suis je ?"},"content":{"rendered":"\n<p class=\"has-text-align-center has-small-font-size\">Je suis Emilie, psychologue depuis 2015.<\/p>\n\n\n\n<p class=\"has-text-align-center has-small-font-size\">J\u2019ai commenc\u00e9 \u00e0 exercer durant 6 ans exclusivement en g\u00e9riatrie et soins palliatifs.<\/p>\n\n\n\n<p class=\"has-text-align-center has-small-font-size\">Une personne \u00e2g\u00e9e est \u00ab&nbsp;celle qui est l\u00e0 depuis longtemps et qui a beaucoup \u00e0 nous apprendre&nbsp;\u00bb et effectivement j\u2019ai beaucoup appris au contact de nos ain\u00e9s.<\/p>\n\n\n\n<p class=\"has-text-align-center has-small-font-size\">Le grand \u00e2ge, les manifestations du vieillissement et les questionnements entendus lors de la fin de vie m\u2019ont amen\u00e9 \u00e0 me questionner sur le processus d\u2019attachement et les besoins fondamentaux des humains.<\/p>\n\n\n\n<p class=\"has-text-align-center has-small-font-size\">Convaincue que chaque exp\u00e9rience, chaque manque, chaque trauma restent empreints dans le corps et qu\u2019ainsi corps et psych\u00e9 sont interd\u00e9pendants.<\/p>\n\n\n\n<p class=\"has-text-align-center has-small-font-size\">Passionn\u00e9e par le fonctionnement du vivant, je me suis int\u00e9ress\u00e9e \u00e0 l\u2019histoire de notre esp\u00e8ce, \u00e0 ses origines et \u00e0 son \u00e9volution.<\/p>\n\n\n\n<p class=\"has-text-align-center has-small-font-size\">Ce qui m\u2019a amen\u00e9 sur le chemin de la th\u00e9orie polyvagale, du syst\u00e8me nerveux, du fonctionnement de nos sens, de nos lign\u00e9s, de l\u2019anthropologie, des neurosciences\u2026 le vivant est autant complexe que passionnant.<\/p>\n\n\n\n<p><\/p>\n\n\n\n<figure class=\"wp-block-pullquote\"><blockquote><p><\/p><\/blockquote><\/figure>\n\n\n<h2 class=\"fonts-plugin-block \" style=\"font-family: quimby-gubernatorial;font-weight: normal;font-size: 21px;line-height: 1.6;text-align: center;color: #177881\">\u00abOn ne peut gu\u00e9rir la partie soign\u00e9e, sans soigner le tout. On ne doit pas soigner le corps s\u00e9par\u00e9 de l\u2019\u00e2me et pour que le corps et l\u2019esprit retrouvent la sant\u00e9, il faut commencer par soigner l\u2019\u00e2me\u00a0\u00bb<\/h2>\n\n\n<figure class=\"wp-block-pullquote\"><blockquote><p><\/p><\/blockquote><\/figure>\n","protected":false},"excerpt":{"rendered":"<p>Je suis Emilie, psychologue depuis 2015. J\u2019ai commenc\u00e9 \u00e0 exercer durant 6 ans exclusivement en g\u00e9riatrie et soins palliatifs. Une personne \u00e2g\u00e9e est \u00ab&nbsp;celle qui est l\u00e0 depuis longtemps et qui a beaucoup \u00e0 nous apprendre&nbsp;\u00bb et effectivement j\u2019ai beaucoup appris au contact de nos ain\u00e9s. Le grand \u00e2ge, les manifestations du vieillissement et les&hellip;<\/p>\n","protected":false},"author":1,"featured_media":0,"parent":0,"menu_order":0,"comment_status":"closed","ping_status":"closed","template":"templates\/template-full-width.php","meta":{"footnotes":""},"class_list":["post-19","page","type-page","status-publish","hentry"],"_links":{"self":[{"href":"https:\/\/emiliejavourez-psychologue.com\/index.php\/wp-json\/wp\/v2\/pages\/19","targetHints":{"allow":["GET"]}}],"collection":[{"href":"https:\/\/emiliejavourez-psychologue.com\/index.php\/wp-json\/wp\/v2\/pages"}],"about":[{"href":"https:\/\/emiliejavourez-psychologue.com\/index.php\/wp-json\/wp\/v2\/types\/page"}],"author":[{"embeddable":true,"href":"https:\/\/emiliejavourez-psychologue.com\/index.php\/wp-json\/wp\/v2\/users\/1"}],"replies":[{"embeddable":true,"href":"https:\/\/emiliejavourez-psychologue.com\/index.php\/wp-json\/wp\/v2\/comments?post=19"}],"version-history":[{"count":11,"href":"https:\/\/emiliejavourez-psychologue.com\/index.php\/wp-json\/wp\/v2\/pages\/19\/revisions"}],"predecessor-version":[{"id":281,"href":"https:\/\/emiliejavourez-psychologue.com\/index.php\/wp-json\/wp\/v2\/pages\/19\/revisions\/281"}],"wp:attachment":[{"href":"https:\/\/emiliejavourez-psychologue.com\/index.php\/wp-json\/wp\/v2\/media?parent=19"}],"curies":[{"name":"wp","href":"https:\/\/api.w.org\/{rel}","templated":true}]}}